{"id":341,"date":"2019-07-27T16:12:32","date_gmt":"2019-07-27T16:12:32","guid":{"rendered":"https:\/\/www.geotellurique.fr\/blog\/?page_id=341"},"modified":"2019-11-21T01:39:12","modified_gmt":"2019-11-21T01:39:12","slug":"notre-philosophie-et-notre-raison-detre","status":"publish","type":"page","link":"https:\/\/www.geotellurique.fr\/blog\/lequipe-geotellurique-fr\/notre-philosophie-et-notre-raison-detre\/","title":{"rendered":"Notre philosophie et notre raison d\u2019\u00eatre"},"content":{"rendered":"<h2>\u2022 \u0152uvrer pour :<\/h2>\n<ul>\n<li><strong><em>Informer le public sur les dangers des ondes et champs \u00e9lectromagn\u00e9tiques.<\/em><\/strong><\/li>\n<li><strong><em>Faire de la pr\u00e9vention sur les risques li\u00e9s aux ondes et \u00e0 leur impact sur la sant\u00e9 des \u00eatres vivants.<\/em><\/strong><\/li>\n<li><strong><em>Conseiller l\u2019application syst\u00e9matique du principe de pr\u00e9caution et des r\u00e8gles d\u2019hygi\u00e8ne \u00e9lectromagn\u00e9tique afin de r\u00e9duire notre exposition au maximum.<\/em><\/strong><\/li>\n<li><strong><em>Conseiller les meilleurs choix de protections \u00e9lectromagn\u00e9tiques en terme de mise en \u0153uvre, co\u00fbt, efficacit\u00e9.<\/em><\/strong><\/li>\n<li><strong><em>Former des professionnels de la mesure en rapport avec les recommandations de la Biologie de l\u2019habitat sain.<\/em><\/strong><\/li>\n<\/ul>\n<p>&nbsp;<\/p>\n<h2>\u2022 Se prot\u00e9ger des ondes, par o\u00f9 commencer ?<\/h2>\n<ul>\n<li><strong>Rep\u00e9rez et d\u00e9tectez les sources de perturbations \u00e9lectromagn\u00e9tiques<\/strong> dans votre environnement.<\/li>\n<li>Mesurez votre niveau d\u2019exposition aux ondes et champs \u00e9lectromagn\u00e9tiques. <strong>Faites appel \u00e0 un professionnel si vous ne poss\u00e9dez pas les appareils de mesure adapt\u00e9s ou les comp\u00e9tences requises pour un auto-diagnostic.<\/strong><\/li>\n<li><strong>D\u00e9sactiver les sources de rayonnements \u00e9lectromagn\u00e9tiques dans votre environnement proche<\/strong> est g\u00e9n\u00e9ralement la chose la plus facile \u00e0 faire plut\u00f4t que de vouloir s\u2019en prot\u00e9ger (Wi-Fi, Bluetooth, DECT, 2G, 3G, 4G).<\/li>\n<li>C\u2019est la solution la plus efficace \u00e0 l\u2019heure actuelle alors <strong>d\u00e9branchez vos appareils inutilis\u00e9s et d\u00e9sactivez les fonctions sans fil syst\u00e9matiquement.<\/strong><\/li>\n<li><strong>Mettez en place des solutions de protection adapt\u00e9es selon les niveaux mesur\u00e9s<\/strong> (hyperfr\u00e9quences, champs \u00e9lectriques, champs magn\u00e9tiques, tension induite, perturbations \u00e9lectromagn\u00e9tiques sur le r\u00e9seau).<\/li>\n<li><strong>V\u00e9rifiez par des mesures l\u2019efficacit\u00e9 des protections mises en place<\/strong> ; elles doivent se traduire par une baisse cons\u00e9quente des niveaux d\u2019expositions aux endroits mesur\u00e9s pr\u00e9c\u00e9demment.<\/li>\n<\/ul>\n<p>&nbsp;<\/p>\n<p><strong>Notre objectif est avant tout d\u2019informer et de sensibiliser la population sur les dangers des ondes et champs \u00e9lectromagn\u00e9tiques dans notre environnement sur la population et les \u00eatres vivants en g\u00e9n\u00e9ral.<\/strong> Au-del\u00e0 des dangers av\u00e9r\u00e9s des ondes, cet objectif se base sur une stricte application du <strong>principe de pr\u00e9caution<\/strong> afin de <strong>r\u00e9duire au maximum notre exposition<\/strong>.<\/p>\n<p>Le but est, sans remettre en cause l\u2019\u00e9volution technologique actuelle, de permettre aux \u00eatre humains d\u2019utiliser ces technologies de mani\u00e8re consciente et \u00e9clair\u00e9e en limitant au maximum les effets sur l\u2019organisme par l\u2019application des r\u00e8gles de l\u2019<a href=\"https:\/\/www.geotellurique.fr\/75-hygiene-electromagnetique\" target=\"_blank\" rel=\"noopener noreferrer\"><strong>hygi\u00e8ne \u00e9lectromagn\u00e9tique<\/strong><\/a> et la mise en \u0153uvre de mesures de protection adapt\u00e9es lorsque cela s\u2019av\u00e8re n\u00e9cessaire.<\/p>\n<p>L\u2019application de ces r\u00e8gles a pour principe de limiter au maximum notre exposition aux ondes \u00e9lectromagn\u00e9tiques et vise \u00e0 garantir la sant\u00e9 et le bien-\u00eatre des individus sur le long terme.<\/p>\n<p>L\u2019application de ces mesures permet \u00e0 l\u2019\u00eatre humain de s\u2019\u00e9panouir pleinement en participant \u00e0 l\u2019\u00e9quilibre et \u00e0 l\u2019harmonie du corps d\u2019un point de vue physique, psychique et spirituel.<\/p>\n<p>L\u2019hygi\u00e8ne \u00e9lectromagn\u00e9tique n\u2019est qu\u2019une composante de l\u2019hygi\u00e8ne de vie qui permet \u00e0 l\u2019\u00eatre humain, par l\u2019application de ces principes, de s\u2019\u00e9panouir individuellement et collectivement.<\/p>\n<p>L\u2019\u00e9quilibre individuel de chaque individu permet \u00e0 celui-ci d\u2019interagir favorablement avec son entourage et \u00e0 chacun de d\u00e9ployer son plein potentiel dans l\u2019exp\u00e9rience collective que nous vivons sur cette plan\u00e8te.<\/p>\n<p>Cet \u00e9quilibre de chacun dans le partage de valeurs communes, dans le respect de la vie dans son ensemble permettra \u00e0 l\u2019\u00eatre humain de relever les d\u00e9fis du 21<sup>e<\/sup> si\u00e8cle. Pour que les jeunes g\u00e9n\u00e9rations puissent b\u00e9n\u00e9ficier d\u2019un cadre de vie agr\u00e9able sur cette plan\u00e8te, pr\u00e9alable pour vivre ensemble, heureux et \u00e9panouis.<\/p>\n<p><strong>L\u2019accroissement exponentiel ces derni\u00e8res ann\u00e9es de notre niveau d\u2019exposition aux ondes \u00e9lectromagn\u00e9tiques nous conduit \u00e0 tirer (une fois de plus) la sonnette d\u2019alarme comme d\u2019autres le font si souvent sur le sujet de l\u2019\u00e9cologie environnementale.<\/strong><\/p>\n<p><strong>La priorit\u00e9 n\u00b01 est avant tout de prot\u00e9ger les enfants, femmes enceintes et personnes fragiles car il serait inconsid\u00e9r\u00e9 d\u2019attendre les conclusions de toutes les \u00e9tudes scientifiques et r\u00e9actions des pouvoirs publics avant d\u2019agir.<\/strong><\/p>\n<p>Pour ceux qui remettent encore en cause les dangers pr\u00e9sum\u00e9s ou av\u00e9r\u00e9s des ondes, nous leur conseillons d\u2019appliquer le principe de pr\u00e9caution et les <strong>recommandations de la r\u00e9solution 1815 du Conseil de l\u2019Europe de 2011.<\/strong><\/p>\n<p>De nos jours, de nombreuses personnes souffrent d\u00e9j\u00e0 d\u2019une exposition trop \u00e9lev\u00e9e aux ondes \u00e9lectromagn\u00e9tiques, la liste des sympt\u00f4mes est longue et cette souffrance doit \u00eatre prise en compte.<\/p>\n<p><strong>Nous estimons qu\u2019il est d\u00e8s \u00e0 pr\u00e9sent possible de r\u00e9duire de 50 \u00e0 70% notre exposition aux ondes sans bouleverser nos habitudes et nos modes d\u2019utilisation des nouvelles technologies (avec ou sans fil).<\/strong><\/p>\n<p><em>En effet, quel int\u00e9r\u00eat y a-t-il \u00e0 laisser le Wi-Fi allum\u00e9 la nuit lorsque nous dormons ; quel int\u00e9r\u00eat y a-t-il \u00e0 laisser nos smartphones activ\u00e9s avec les donn\u00e9es mobiles, le Wi-Fi, le Bluetooth lorsque nous ne sommes pas sur internet ?<\/em><\/p>\n<p>En d\u00e9sactivant ces trois fonctionnalit\u00e9s, on peut encore \u00eatre appel\u00e9, appeler, envoyer et recevoir des SMS.<\/p>\n<p><em>Quel int\u00e9r\u00eat y a-t-il \u00e0 risquer la sant\u00e9 de nos enfants en les laissant \u00e9couter de la musique en ligne alors qu\u2019ils pourraient simplement la t\u00e9l\u00e9charger sur leurs t\u00e9l\u00e9phones et activer le mode avion (de mani\u00e8re s\u00e9curis\u00e9e avec un kit filaire) ?<br \/>\n<\/em><\/p>\n<p><em>Est-il raisonnable de laisser un enfant de 4 ans jouer avec une tablette en Wi-Fi ou un Smartphone avec la 4G ?<\/em><\/p>\n<p><em>Est-il raisonnable d\u2019autoriser la commercialisation de baby-phones qui \u00e9mettent en fonctionnement et de mani\u00e8re permanente \u00e0 une puissance \u00e9quivalente \u00e0 nos t\u00e9l\u00e9phones sans fil DECT alors qu\u2019il existe des mod\u00e8les \u00e0 faibles rayonnements qui s\u2019activent au bruit et n\u2019\u00e9mettent que lorsque n\u00e9cessaire ?<\/em><\/p>\n<p><strong>Par une utilisation raisonn\u00e9e du t\u00e9l\u00e9phone portable, nous r\u00e9duisons la puissance \u00e9mise par les antennes-relais de t\u00e9l\u00e9phonie mobile.<\/strong><\/p>\n<p>La prise de conscience de l\u2019opinion publique et des populations am\u00e8nera rapidement les fabricants \u00e0 proposer des solutions pour r\u00e9duire notre exposition tout en b\u00e9n\u00e9ficiant des avantages de la technologie.<\/p>\n<p>Comment se fait-il que nos box internet ne soient pas toutes \u00e9quip\u00e9es d\u2019un interrupteur facilement accessible pour activer\/d\u00e9sactiver les fonctions sans fils (Wi-Fi &#8211; DECT) \u00e0 la demande ?<\/p>\n<p><em>On peut aussi s\u2019interroger sur les appareils qui continuent \u00e0 rayonner des hyperfr\u00e9quences alors qu\u2019ils sont en veille ou que les fonctionnalit\u00e9s sans fils ont \u00e9t\u00e9 d\u00e9sactiv\u00e9es (exemple : une t\u00e9l\u00e9vision connect\u00e9e).<\/em><\/p>\n<p>Une prise de conscience des fabricants de technologies sans fil permettra s\u00fbrement \u00e0 l\u2019avenir, de proposer des appareils avec un ajustement automatique de la puissance d\u2019\u00e9mission. Cela pourrait rapidement devenir un argument de vente pour le plus grand b\u00e9n\u00e9fice de tous.<\/p>\n<h2>Remerciements\u00a0:<\/h2>\n<p><strong>Merci \u00e0 toutes les personnes qui \u0153uvrent individuellement ou collectivement, de mani\u00e8re directe ou indirecte, par tout moyen d\u2019action pacifique \u00e0 un environnement pr\u00e9serv\u00e9 pour le b\u00e9n\u00e9fice du plus grand nombre.<\/strong><\/p>\n<p><strong>Merci \u00e0 toutes le personnes qui veillent dans leur utilisation des technologies sans fil \u00e0 partager leur libert\u00e9 d\u2019utilisation de ces technologies avec la libert\u00e9 des personnes \u00e9lectrosensibles ou de sant\u00e9 fragile \u00e0 vivre dans un environnement \u00e9lectromagn\u00e9tique compatible avec leur sant\u00e9.<\/strong><\/p>\n<p>__________________________________<\/p>\n<h3>Application du principe ALARA (As Low As Reasonably Achievable)\u00a0: aussi bas qu\u2019il est raisonnablement possible d\u2019atteindre.<\/h3>\n<p>Les ondes \u00e9lectromagn\u00e9tiques selon leur fr\u00e9quence et leur puissance voyagent dans l\u2019air, traversent murs et fen\u00eatres et sont de nature \u00e0 impacter le voisinage. Alors qu\u2019il existe de nombreuses lois et jurisprudence pour r\u00e9genter les relations de voisinage (bruit, animaux, etc.), il n\u2019existe aucune loi pour r\u00e9glementer le d\u00e9ploiement des technologies sans fil autre que les limites d\u2019exposition actuelles qui sont de notre point de vue beaucoup trop \u00e9lev\u00e9es et qui ne prennent pas en compte les effets athermiques des ondes, une exposition permanente \u00e0 des fr\u00e9quences multiples, le type de modulation, la polarisation des ondes et les effets cumul\u00e9s entre les ondes \u00e9lectromagn\u00e9tiques et les champs (E et H) \u00e9lectriques et magn\u00e9tiques g\u00e9n\u00e9r\u00e9s par toutes nos installations et appareils \u00e9lectriques aliment\u00e9s en courant alternatif.<\/p>\n<p>Pour illustrer ces propos, nous consid\u00e9rons, \u00e0 puissance \u00e9quivalente, les ondes radio de la FM analogique moins nocives que les ondes du Wi-Fi modul\u00e9es en num\u00e9rique et par impulsions.<\/p>\n<p>Nous esp\u00e9rons une prise de conscience rapide du grand public sur ces ph\u00e9nom\u00e8nes pour inciter nos pouvoirs publics \u00e0 adapter la r\u00e9glementation en vigueur afin de prot\u00e9ger la population, \u00e9viter une h\u00e9morragie budg\u00e9taire de la s\u00e9curit\u00e9 sociale et \u00e9viter \u00e0 terme un scandale de sant\u00e9 publique sans commune mesure avec celui de l\u2019amiante.<\/p>\n<p><strong>Nous conseillons \u00e0 tout le monde de prendre l\u2019habitude de d\u00e9brancher les appareils inutilis\u00e9s ou d\u2019utiliser les interrupteurs des blocs multiprises et ce pour deux raisons :<\/strong><\/p>\n<ol>\n<li>Cette mesure permet d\u2019<strong>\u00e9conomiser de l\u2019\u00e9nergie<\/strong> (en France, la consommation de tous les appareils en veille est \u00e9quivalente \u00e0 la production annuelle d\u2019un r\u00e9acteur nucl\u00e9aire de taille moyenne.<\/li>\n<li><strong>Certains appareils comme les smart TV, imprimantes, etc. continuent d\u2019\u00e9mettre des ondes en Wi-Fi m\u00eame en veille.<\/strong> Donc si vous n\u2019\u00eates pas \u00e9quip\u00e9s d\u2019appareils de mesure pr\u00e9cis, ce geste vous assure de couper toute \u00e9mission HF lorsque l\u2019appareil est d\u00e9branch\u00e9.<\/li>\n<li><strong>Attention \u00e0 tous les objets connect\u00e9s aliment\u00e9s sur batteries ou piles et qui peuvent rayonner des hyperfr\u00e9quences de mani\u00e8re autonome.<\/strong> <strong>\u00c9teignez ce qui peut l\u2019\u00eatre, d\u00e9sactivez les fonctions sans fil, utilisez les modes hors-ligne ou avion, privil\u00e9giez des modes de communication filaires entre les diff\u00e9rents appareils \u00e9lectriques ou \u00e9lectroniques lorsque c\u2019est possible.<\/strong><\/li>\n<\/ol>\n<p>&nbsp;<\/p>\n<p>Les appareils connect\u00e9s sans fil sont, pour la plupart, des \u00e9metteurs r\u00e9cepteurs. Pour les utilisateurs de ces technologies, nous observons que dans la majorit\u00e9 des cas, l\u2019exposition du corps tout au long de l\u2019ann\u00e9e est pour une part importante due \u00e0 cette utilisation. L\u2019impact des antennes-relais \u00e9tant souvent inf\u00e9rieur en intensit\u00e9 mais souvent sup\u00e9rieur en terme de dur\u00e9e compar\u00e9 \u00e0 celui des appareils au domicile ou port\u00e9s sur soi.<\/p>\n<p><em><strong>Pour r\u00e9duire son exposition, il faut d\u2019abord agir dans son environnement proche.<\/strong><\/em> Il est bien entendu que pour les personnes qui n\u2019utilisent aucune technologie sans fil, cette exposition quasi permanente de nos jours ne peut qu\u2019\u00eatre subie \u00e0 moins de se prot\u00e9ger.<\/p>\n<p>&nbsp;<\/p>\n","protected":false},"excerpt":{"rendered":"<p>\u2022 \u0152uvrer pour : Informer le public sur les dangers des ondes et champs \u00e9lectromagn\u00e9tiques. Faire de la pr\u00e9vention sur les risques li\u00e9s aux ondes et \u00e0 leur impact sur la sant\u00e9 des \u00eatres vivants. Conseiller l\u2019application syst\u00e9matique du principe de pr\u00e9caution et des r\u00e8gles d\u2019hygi\u00e8ne \u00e9lectromagn\u00e9tique afin de r\u00e9duire notre exposition au maximum. Conseiller [&hellip;]<\/p>\n","protected":false},"author":3,"featured_media":0,"parent":338,"menu_order":0,"comment_status":"closed","ping_status":"closed","template":"","meta":{"_bbp_topic_count":0,"_bbp_reply_count":0,"_bbp_total_topic_count":0,"_bbp_total_reply_count":0,"_bbp_voice_count":0,"_bbp_anonymous_reply_count":0,"_bbp_topic_count_hidden":0,"_bbp_reply_count_hidden":0,"_bbp_forum_subforum_count":0,"_et_pb_use_builder":"","_et_pb_old_content":"","_et_gb_content_width":"","footnotes":""},"class_list":["post-341","page","type-page","status-publish","hentry"],"_wp_attached_file":null,"_wp_attachment_metadata":null,"_wp_attachment_backup_sizes":null,"_wp_attachment_context":null,"_oembed_8095d36c03dd8ead930b81d37d6e8e98":null,"_wp_attachment_image_alt":null,"_et_pb_predefined_layout":null,"_bbp_forum_subforum_count":null,"_bbp_total_reply_count":null,"_bbp_topic_count":null,"_bbp_total_topic_count":null,"_bbp_topic_count_hidden":null,"_bbp_last_topic_id":null,"_private_group":null,"_bbp_total_reply_count_hidden":null,"_et_pb_predefined_default_layout":null,"_et_pb_predefined_default_type":null,"_extra_layout_default":null,"_menu_item_type":null,"_menu_item_menu_item_parent":null,"_menu_item_object_id":null,"_menu_item_object":null,"_menu_item_target":null,"_menu_item_classes":null,"_menu_item_xfn":null,"_menu_item_url":null,"_wp_page_template":"default","slide_template":null,"_et_pb_post_hide_nav":null,"_et_pb_page_layout":null,"_et_pb_side_nav":null,"_oembed_fbe5098a38e310857077e4bd9518ee0b":null,"rank_math_canonical_url":null,"_et_builder_dynamic_assets_loading_attr_threshold":null,"popup_title":null,"enabled":null,"pum_example_popup":null,"popup_settings":null,"data_version":null,"popup_open_count":null,"popup_conversion_count":null,"popup_open_count_total":null,"popup_last_opened":null,"_pum_built_in":null,"_pum_default_theme":null,"popup_theme_data_version":null,"popup_theme_settings":null,"_pum_user_modified":null,"popup_theme_overlay":null,"popup_theme_container":null,"popup_theme_title":null,"popup_theme_content":null,"popup_theme_close":null,"_extra_rating_average":null,"_post_review_box_title":null,"_post_review_box_summary":null,"_post_review_box_summary_title":null,"_post_review_box_breakdowns_score":null,"_post_review_box_breakdowns_count":null,"_post_review_box_breakdowns":null,"_extra_rating_count":null,"_yoast_wpseo_primary_category":null,"_ez-toc-disabled":null,"_ez-toc-insert":null,"_ez-toc-heading-levels":null,"_ez-toc-alttext":null,"_ez-toc-exclude":null,"rank_math_primary_category":null,"_ez-toc-visibility_hide_by_default":null,"_oembed_749fcde2044455117a2697597c901d4a":null,"_oembed_1c071b6b2d57519c4becdbedb8484da8":null,"_oembed_time_1c071b6b2d57519c4becdbedb8484da8":null,"_oembed_12213637bef2a959d4a2178ddab2b645":null,"_oembed_time_12213637bef2a959d4a2178ddab2b645":null,"_oembed_2d8cdef959634189ab90c6b6331ab0da":null,"_oembed_time_2d8cdef959634189ab90c6b6331ab0da":null,"_oembed_1bd35aba03164045392dfde89b97495f":null,"_oembed_time_1bd35aba03164045392dfde89b97495f":null,"_oembed_04423babe915f168e30dbaf31eee82d6":null,"_oembed_time_04423babe915f168e30dbaf31eee82d6":null,"_oembed_e2dac58b91c04f3307bdff122b237535":null,"_oembed_time_e2dac58b91c04f3307bdff122b237535":null,"_oembed_7ef102e21b4e69bf3e92f21d2da26178":null,"_oembed_time_7ef102e21b4e69bf3e92f21d2da26178":null,"_oembed_65f3cc860759c370dbb5a9a6ff36d550":null,"_oembed_522f16fbe69b088b13b19b90101e85ab":null,"_oembed_time_522f16fbe69b088b13b19b90101e85ab":null,"_oembed_7ef8850ce7251d149275729c1f2e5924":null,"_oembed_time_7ef8850ce7251d149275729c1f2e5924":null,"_oembed_4a24465fa2f8a097a79a358f6c1e5f60":null,"_oembed_d44308415ddd5297a3c5f333639c6beb":null,"_oembed_79a4fdbe0396b15581da72ee01396d7d":null,"_oembed_dade171d140aec1e91e5c2751e1d84ee":null,"_oembed_time_dade171d140aec1e91e5c2751e1d84ee":null,"_oembed_2b29abedb5da844628f831c4e78d2554":null,"_oembed_time_2b29abedb5da844628f831c4e78d2554":null,"_ez-toc-header-label":null,"_ez-toc-alignment":null,"_ez-toc-hide_counter":null,"_ez-toc-position-specific":null,"_oembed_09579974edf7a5b17a8f3acb19d5e3c2":null,"_oembed_4d39ae5bf6978e483b2a4e6904c6e350":null,"_oembed_053e7a2e5cd6be4d3b7db7779d21d87e":null,"_oembed_73c5a8e6e6b03f92b8645a68476b6c8c":null,"_oembed_f265d96ad663a2a5d768ae968dbd4f9b":null,"_oembed_e531f60f7f7d8b103a9be20256dc42ca":null,"_oembed_38e062bb1f0cd1f84f5582c58bb3eff6":null,"_oembed_153b902fc86796aa51beb4adbf7b34de":null,"_oembed_d8b39931a3edf9f3de8db22718ee00aa":null,"_oembed_802314b98a73138ead50481339d374c8":null,"_oembed_17e0f1ae86d1d10d77ae9d4f698dcb15":null,"_oembed_b026deefd282a3fecd670dbd021bf7b3":null,"_oembed_d78d24060623fc6a80c549f478cc7447":null,"_oembed_b848de432e06a4a8badd78f98e735104":null,"_oembed_a7dd002581b7dddceded6c0d4dd93bf5":null,"_oembed_2f7c681569df2d4f97b9fb4cdbe80e4b":null,"_oembed_bf836f3c1379cb3a365f247014c52880":null,"_oembed_5c275c653f5eb0625a26eedde66b3a96":null,"_oembed_time_5c275c653f5eb0625a26eedde66b3a96":null,"_oembed_8a6bd33a60b4166f209fddf50fbb9feb":null,"_oembed_time_8a6bd33a60b4166f209fddf50fbb9feb":null,"_oembed_68c4f06a16b982e9ce2965ec94dc036d":null,"_oembed_time_68c4f06a16b982e9ce2965ec94dc036d":null,"_oembed_e8847fdaa016826363a81ab24559637b":null,"rank_math_contentai_score":null,"_oembed_8c245f8ec246307bab3688925d117ffc":null,"_oembed_time_48ef09d280c21bb057113c047401f73d":null,"_oembed_time_bdfa63b0877d35868422b67871ba7a15":null,"_oembed_time_7916619f1633d7bbb85549375ffcf0a9":null,"_oembed_48ef09d280c21bb057113c047401f73d":null,"_ez-toc-device-target":null,"_bbp_voice_count":null,"_bbp_subscription":null,"_bbp_engagement":null,"_directory_id":null,"_attached_image":null,"_attached_images_order":null,"_content_field_11":null,"_content_field_10":null,"_content_field_9":null,"_content_field_6":null,"_content_field_12":null,"_content_field_7":null,"_content_field_8":null,"_attached_image_as_logo":null,"_requires_moderation":null,"_listing_created":null,"_order_date":null,"_listing_status":null,"_clicks_data":null,"_total_clicks":null,"_location_id":null,"_address_line_1":null,"_address_line_2":null,"_zip_or_postal_index":null,"_additional_info":null,"_manual_coords":null,"_map_coords_1":null,"_map_coords_2":null,"_map_icon_file":null,"_map_zoom":null,"_w2dc_rating_86.203.107.220":null,"_w2dc_avg_rating":null,"_place_id":null,"_attached_video_id":null,"_w2dc_rating_82.125.12.205":null,"_w2dc_rating_88.173.34.68":null,"_w2dc_rating_79.148.212.154":null,"_w2dc_rating_46.193.65.142":null,"_w2dc_rating_90.21.48.35":null,"_w2dc_rating_93.22.151.185":null,"_w2dc_rating_92.184.105.233":null,"_yoast_wpseo_primary_w2dc-category":null,"_yoast_wpseo_primary_w2dc-location":null,"_w2dc_rating_86.217.53.28":null,"_w2dc_rating_92.138.193.179":null,"_w2dc_rating_91.171.135.117":null,"_w2dc_rating_45.141.123.154":null,"_w2dc_rating_88.175.84.134":null,"_w2dc_rating_176.150.38.129":null,"_w2dc_rating_92.184.105.83":null,"_w2dc_rating_92.184.123.36":null,"_w2dc_rating_90.60.118.94":null,"_w2dc_rating_133":null,"_w2dc_rating_88.168.22.193":null,"_w2dc_rating_68":null,"_w2dc_rating_92.184.98.136":null,"_w2dc_rating_145.242.20.128":null,"_model":null,"_columns_num":null,"_bg_color":null,"_bg_transparency":null,"_text_color":null,"_elements_color":null,"_elements_color_secondary":null,"_use_overlay":null,"_on_shop_page":null,"_auto_submit":null,"_use_border":null,"_scroll_to":null,"_sticky_scroll":null,"_sticky_scroll_toppadding":null,"_use_ajax":null,"_target_url":null,"_used_by":null,"rank_math_news_sitemap_robots":"index","rank_math_robots":["index"],"rank_math_primary_w2dc-category":null,"rank_math_primary_w2dc-location":null,"_wp_old_slug":null,"_et_pb_built_for_post_type":null,"_edit_lock":"1575401869:2","_edit_last":"8","_bbp_last_active_time":null,"_bbp_reply_count":null,"_bbp_last_reply_id":null,"_bbp_last_active_id":null,"_bbp_reply_count_hidden":null,"rank_math_internal_links_processed":"1","_et_pb_use_builder":"","_et_pb_old_content":"","_et_monarch_override":"","_et_pb_enable_shortcode_tracking":"","_et_pb_custom_css":"","_yoast_wpseo_content_score":null,"_et_builder_version":"BB|Divi|3.26.5","_extra_sidebar_location":"","_extra_sidebar":"","_et_pb_ab_subjects":null,"_et_pb_ab_current_shortcode":null,"_et_pb_show_page_creation":null,"_et_pb_gutter_width":"3","_global_colors_info":null,"_yoast_wpseo_estimated-reading-time-minutes":null,"_yoast_wpseo_wordproof_timestamp":null,"ao_post_optimize":null,"_et_pb_ab_stats_refresh_interval":"hourly","_yoast_wpseo_focuskw":null,"_yoast_wpseo_title":null,"_yoast_wpseo_linkdex":null,"_yoast_wpseo_metadesc":null,"rank_math_title":"Notre philosophie et notre raison d\u2019\u00eatre - Le blog","rank_math_description":"Notre philosophie et notre raison detre : informations v\u00e9rifi\u00e9es et retours d'exp\u00e9rience par les experts de Geotellurique.fr. Guide pratique pour votre sant\u00e9.","rank_math_focus_keyword":null,"rank_math_seo_score":null,"rank_math_og_content_image":null,"et_enqueued_post_fonts":{"family":{"et-gf-poppins":"Poppins:100,100italic,200,200italic,300,300italic,regular,italic,500,500italic,600,600italic,700,700italic,800,800italic,900,900italic","et-gf-kanit":"Kanit:100,100italic,200,200italic,300,300italic,regular,italic,500,500italic,600,600italic,700,700italic,800,800italic,900,900italic"},"subset":["latin","latin-ext"],"cache_key":"{\"gph\":-1,\"divi\":\"4.27.5\",\"wp\":\"6.9.4\",\"enable_all_character_sets\":\"false\"}"},"_thumbnail_id":null,"_wp_old_date":null,"_bbp_akismet_result":null,"_bbp_akismet_history":null,"_bbp_forum_id":null,"_bbp_topic_id":null,"_bbp_author_ip":null,"_links":{"self":[{"href":"https:\/\/www.geotellurique.fr\/blog\/wp-json\/wp\/v2\/pages\/341","targetHints":{"allow":["GET"]}}],"collection":[{"href":"https:\/\/www.geotellurique.fr\/blog\/wp-json\/wp\/v2\/pages"}],"about":[{"href":"https:\/\/www.geotellurique.fr\/blog\/wp-json\/wp\/v2\/types\/page"}],"author":[{"embeddable":true,"href":"https:\/\/www.geotellurique.fr\/blog\/wp-json\/wp\/v2\/users\/3"}],"replies":[{"embeddable":true,"href":"https:\/\/www.geotellurique.fr\/blog\/wp-json\/wp\/v2\/comments?post=341"}],"version-history":[{"count":9,"href":"https:\/\/www.geotellurique.fr\/blog\/wp-json\/wp\/v2\/pages\/341\/revisions"}],"predecessor-version":[{"id":1026,"href":"https:\/\/www.geotellurique.fr\/blog\/wp-json\/wp\/v2\/pages\/341\/revisions\/1026"}],"up":[{"embeddable":true,"href":"https:\/\/www.geotellurique.fr\/blog\/wp-json\/wp\/v2\/pages\/338"}],"wp:attachment":[{"href":"https:\/\/www.geotellurique.fr\/blog\/wp-json\/wp\/v2\/media?parent=341"}],"curies":[{"name":"wp","href":"https:\/\/api.w.org\/{rel}","templated":true}]}}