{"id":47,"date":"2016-05-28T19:43:26","date_gmt":"2016-05-28T19:43:26","guid":{"rendered":"http:\/\/sample1.wb2.org\/?page_id=2"},"modified":"2026-03-10T06:36:41","modified_gmt":"2026-03-10T06:36:41","slug":"accueil","status":"publish","type":"page","link":"https:\/\/www.geotellurique.fr\/blog\/accueil\/","title":{"rendered":"Accueil | Le blog Geotellurique.fr"},"content":{"rendered":"<p>[et_pb_section fb_built=\u00a0\u00bb1&Prime; admin_label=\u00a0\u00bbsection\u00a0\u00bb _builder_version=\u00a0\u00bb4.20.2&Prime; background_color=\u00a0\u00bb#d8d8d8&Prime; collapsed=\u00a0\u00bboff\u00a0\u00bb global_colors_info=\u00a0\u00bb{}\u00a0\u00bb][et_pb_row admin_label=\u00a0\u00bbrow\u00a0\u00bb _builder_version=\u00a0\u00bb4.16&Prime; background_size=\u00a0\u00bbinitial\u00a0\u00bb background_position=\u00a0\u00bbtop_left\u00a0\u00bb background_repeat=\u00a0\u00bbrepeat\u00a0\u00bb global_colors_info=\u00a0\u00bb{}\u00a0\u00bb][et_pb_column type=\u00a0\u00bb4_4&Prime; _builder_version=\u00a0\u00bb4.16&Prime; custom_padding=\u00a0\u00bb|||\u00a0\u00bb global_colors_info=\u00a0\u00bb{}\u00a0\u00bb custom_padding__hover=\u00a0\u00bb|||\u00a0\u00bb][et_pb_text admin_label=\u00a0\u00bbTexte\u00a0\u00bb _builder_version=\u00a0\u00bb4.16&Prime; global_colors_info=\u00a0\u00bb{}\u00a0\u00bb]<\/p>\n<h1>LE BLOG : Informez-vous compl\u00e8tement sur la question des ondes !<\/h1>\n<p>[\/et_pb_text][et_pb_blog fullwidth=\u00a0\u00bboff\u00a0\u00bb posts_number=\u00a0\u00bb40&Prime; show_more=\u00a0\u00bbon\u00a0\u00bb _builder_version=\u00a0\u00bb4.25.1&Prime; global_colors_info=\u00a0\u00bb{}\u00a0\u00bb][\/et_pb_blog][\/et_pb_column][\/et_pb_row][\/et_pb_section]<\/p>\n","protected":false},"excerpt":{"rendered":"<p>LE BLOG : Informez-vous compl\u00e8tement sur la question des ondes !<\/p>\n","protected":false},"author":1,"featured_media":0,"parent":0,"menu_order":0,"comment_status":"closed","ping_status":"closed","template":"page-template-fullwidth.php","meta":{"_bbp_topic_count":0,"_bbp_reply_count":0,"_bbp_total_topic_count":0,"_bbp_total_reply_count":0,"_bbp_voice_count":0,"_bbp_anonymous_reply_count":0,"_bbp_topic_count_hidden":0,"_bbp_reply_count_hidden":0,"_bbp_forum_subforum_count":0,"_et_pb_use_builder":"on","_et_pb_old_content":"","_et_gb_content_width":"","footnotes":""},"class_list":["post-47","page","type-page","status-publish","hentry"],"_wp_attached_file":null,"_wp_attachment_metadata":null,"_wp_attachment_backup_sizes":null,"_wp_attachment_context":null,"_oembed_8095d36c03dd8ead930b81d37d6e8e98":null,"_wp_attachment_image_alt":null,"_et_pb_predefined_layout":null,"_bbp_forum_subforum_count":null,"_bbp_total_reply_count":null,"_bbp_topic_count":null,"_bbp_total_topic_count":null,"_bbp_topic_count_hidden":null,"_bbp_last_topic_id":null,"_private_group":null,"_bbp_total_reply_count_hidden":null,"_et_pb_predefined_default_layout":null,"_et_pb_predefined_default_type":null,"_extra_layout_default":null,"_menu_item_type":null,"_menu_item_menu_item_parent":null,"_menu_item_object_id":null,"_menu_item_object":null,"_menu_item_target":null,"_menu_item_classes":null,"_menu_item_xfn":null,"_menu_item_url":null,"_wp_page_template":"page-template-fullwidth.php","slide_template":"default","_et_pb_post_hide_nav":"default","_et_pb_page_layout":"et_right_sidebar","_et_pb_side_nav":"on","_oembed_fbe5098a38e310857077e4bd9518ee0b":"{{unknown}}","rank_math_canonical_url":null,"_et_builder_dynamic_assets_loading_attr_threshold":null,"popup_title":null,"enabled":null,"pum_example_popup":null,"popup_settings":null,"data_version":null,"popup_open_count":null,"popup_conversion_count":null,"popup_open_count_total":null,"popup_last_opened":null,"_pum_built_in":null,"_pum_default_theme":null,"popup_theme_data_version":null,"popup_theme_settings":null,"_pum_user_modified":null,"popup_theme_overlay":null,"popup_theme_container":null,"popup_theme_title":null,"popup_theme_content":null,"popup_theme_close":null,"_extra_rating_average":null,"_post_review_box_title":null,"_post_review_box_summary":null,"_post_review_box_summary_title":null,"_post_review_box_breakdowns_score":null,"_post_review_box_breakdowns_count":null,"_post_review_box_breakdowns":null,"_extra_rating_count":null,"_yoast_wpseo_primary_category":null,"_ez-toc-disabled":null,"_ez-toc-insert":null,"_ez-toc-heading-levels":null,"_ez-toc-alttext":null,"_ez-toc-exclude":null,"rank_math_primary_category":null,"_ez-toc-visibility_hide_by_default":null,"_oembed_749fcde2044455117a2697597c901d4a":null,"_oembed_1c071b6b2d57519c4becdbedb8484da8":null,"_oembed_time_1c071b6b2d57519c4becdbedb8484da8":null,"_oembed_12213637bef2a959d4a2178ddab2b645":null,"_oembed_time_12213637bef2a959d4a2178ddab2b645":null,"_oembed_2d8cdef959634189ab90c6b6331ab0da":null,"_oembed_time_2d8cdef959634189ab90c6b6331ab0da":null,"_oembed_1bd35aba03164045392dfde89b97495f":null,"_oembed_time_1bd35aba03164045392dfde89b97495f":null,"_oembed_04423babe915f168e30dbaf31eee82d6":null,"_oembed_time_04423babe915f168e30dbaf31eee82d6":null,"_oembed_e2dac58b91c04f3307bdff122b237535":null,"_oembed_time_e2dac58b91c04f3307bdff122b237535":null,"_oembed_7ef102e21b4e69bf3e92f21d2da26178":null,"_oembed_time_7ef102e21b4e69bf3e92f21d2da26178":null,"_oembed_65f3cc860759c370dbb5a9a6ff36d550":null,"_oembed_522f16fbe69b088b13b19b90101e85ab":null,"_oembed_time_522f16fbe69b088b13b19b90101e85ab":null,"_oembed_7ef8850ce7251d149275729c1f2e5924":null,"_oembed_time_7ef8850ce7251d149275729c1f2e5924":null,"_oembed_4a24465fa2f8a097a79a358f6c1e5f60":null,"_oembed_d44308415ddd5297a3c5f333639c6beb":null,"_oembed_79a4fdbe0396b15581da72ee01396d7d":null,"_oembed_dade171d140aec1e91e5c2751e1d84ee":null,"_oembed_time_dade171d140aec1e91e5c2751e1d84ee":null,"_oembed_2b29abedb5da844628f831c4e78d2554":null,"_oembed_time_2b29abedb5da844628f831c4e78d2554":null,"_ez-toc-header-label":null,"_ez-toc-alignment":null,"_ez-toc-hide_counter":null,"_ez-toc-position-specific":null,"_oembed_09579974edf7a5b17a8f3acb19d5e3c2":null,"_oembed_4d39ae5bf6978e483b2a4e6904c6e350":null,"_oembed_053e7a2e5cd6be4d3b7db7779d21d87e":null,"_oembed_73c5a8e6e6b03f92b8645a68476b6c8c":null,"_oembed_f265d96ad663a2a5d768ae968dbd4f9b":null,"_oembed_e531f60f7f7d8b103a9be20256dc42ca":null,"_oembed_38e062bb1f0cd1f84f5582c58bb3eff6":null,"_oembed_153b902fc86796aa51beb4adbf7b34de":null,"_oembed_d8b39931a3edf9f3de8db22718ee00aa":null,"_oembed_802314b98a73138ead50481339d374c8":null,"_oembed_17e0f1ae86d1d10d77ae9d4f698dcb15":null,"_oembed_b026deefd282a3fecd670dbd021bf7b3":null,"_oembed_d78d24060623fc6a80c549f478cc7447":null,"_oembed_b848de432e06a4a8badd78f98e735104":null,"_oembed_a7dd002581b7dddceded6c0d4dd93bf5":null,"_oembed_2f7c681569df2d4f97b9fb4cdbe80e4b":null,"_oembed_bf836f3c1379cb3a365f247014c52880":null,"_oembed_5c275c653f5eb0625a26eedde66b3a96":null,"_oembed_time_5c275c653f5eb0625a26eedde66b3a96":null,"_oembed_8a6bd33a60b4166f209fddf50fbb9feb":null,"_oembed_time_8a6bd33a60b4166f209fddf50fbb9feb":null,"_oembed_68c4f06a16b982e9ce2965ec94dc036d":null,"_oembed_time_68c4f06a16b982e9ce2965ec94dc036d":null,"_oembed_e8847fdaa016826363a81ab24559637b":null,"rank_math_contentai_score":null,"_oembed_8c245f8ec246307bab3688925d117ffc":null,"_oembed_time_48ef09d280c21bb057113c047401f73d":null,"_oembed_time_bdfa63b0877d35868422b67871ba7a15":null,"_oembed_time_7916619f1633d7bbb85549375ffcf0a9":null,"_oembed_48ef09d280c21bb057113c047401f73d":null,"_ez-toc-device-target":null,"_bbp_voice_count":null,"_bbp_subscription":null,"_bbp_engagement":null,"_directory_id":null,"_attached_image":null,"_attached_images_order":null,"_content_field_11":null,"_content_field_10":null,"_content_field_9":null,"_content_field_6":null,"_content_field_12":null,"_content_field_7":null,"_content_field_8":null,"_attached_image_as_logo":null,"_requires_moderation":null,"_listing_created":null,"_order_date":null,"_listing_status":null,"_clicks_data":null,"_total_clicks":null,"_location_id":null,"_address_line_1":null,"_address_line_2":null,"_zip_or_postal_index":null,"_additional_info":null,"_manual_coords":null,"_map_coords_1":null,"_map_coords_2":null,"_map_icon_file":null,"_map_zoom":null,"_w2dc_rating_86.203.107.220":null,"_w2dc_avg_rating":null,"_place_id":null,"_attached_video_id":null,"_w2dc_rating_82.125.12.205":null,"_w2dc_rating_88.173.34.68":null,"_w2dc_rating_79.148.212.154":null,"_w2dc_rating_46.193.65.142":null,"_w2dc_rating_90.21.48.35":null,"_w2dc_rating_93.22.151.185":null,"_w2dc_rating_92.184.105.233":null,"_yoast_wpseo_primary_w2dc-category":null,"_yoast_wpseo_primary_w2dc-location":null,"_w2dc_rating_86.217.53.28":null,"_w2dc_rating_92.138.193.179":null,"_w2dc_rating_91.171.135.117":null,"_w2dc_rating_45.141.123.154":null,"_w2dc_rating_88.175.84.134":null,"_w2dc_rating_176.150.38.129":null,"_w2dc_rating_92.184.105.83":null,"_w2dc_rating_92.184.123.36":null,"_w2dc_rating_90.60.118.94":null,"_w2dc_rating_133":null,"_w2dc_rating_88.168.22.193":null,"_w2dc_rating_68":null,"_w2dc_rating_92.184.98.136":null,"_w2dc_rating_145.242.20.128":null,"_model":null,"_columns_num":null,"_bg_color":null,"_bg_transparency":null,"_text_color":null,"_elements_color":null,"_elements_color_secondary":null,"_use_overlay":null,"_on_shop_page":null,"_auto_submit":null,"_use_border":null,"_scroll_to":null,"_sticky_scroll":null,"_sticky_scroll_toppadding":null,"_use_ajax":null,"_target_url":null,"_used_by":null,"rank_math_news_sitemap_robots":"index","rank_math_robots":["index"],"rank_math_primary_w2dc-category":null,"rank_math_primary_w2dc-location":null,"_wp_old_slug":null,"_et_pb_built_for_post_type":"page","_edit_lock":"1773124687:1379","_edit_last":"1379","_bbp_last_active_time":null,"_bbp_reply_count":null,"_bbp_last_reply_id":null,"_bbp_last_active_id":null,"_bbp_reply_count_hidden":null,"rank_math_internal_links_processed":"1","_et_pb_use_builder":"on","_et_pb_old_content":"","_et_monarch_override":"","_et_pb_enable_shortcode_tracking":"","_et_pb_custom_css":"","_yoast_wpseo_content_score":"90","_et_builder_version":"VB|Divi|4.25.1","_extra_sidebar_location":"","_extra_sidebar":"","_et_pb_ab_subjects":"","_et_pb_ab_current_shortcode":"[et_pb_split_track id=\"47\" \/]","_et_pb_show_page_creation":"off","_et_pb_gutter_width":"3","_global_colors_info":"{}","_yoast_wpseo_estimated-reading-time-minutes":"1","_yoast_wpseo_wordproof_timestamp":"","ao_post_optimize":{"ao_post_optimize":"","ao_post_js_optimize":"on","ao_post_css_optimize":"","ao_post_ccss":"on","ao_post_lazyload":"on","ao_post_preload":""},"_et_pb_ab_stats_refresh_interval":null,"_yoast_wpseo_focuskw":null,"_yoast_wpseo_title":null,"_yoast_wpseo_linkdex":null,"_yoast_wpseo_metadesc":null,"rank_math_title":"Le blog Geotellurique.fr anti-ondes | Geotellurique.fr","rank_math_description":"Blog sur Geotellurique.fr. Expert en d\u00e9tection et protection contre les ondes \u00e9lectromagn\u00e9tiques depuis 2010 Livraison rapide et conseils personnalis\u00e9s.","rank_math_focus_keyword":"blog","rank_math_seo_score":"90","rank_math_og_content_image":null,"et_enqueued_post_fonts":{"family":{"et-gf-poppins":"Poppins:100,100italic,200,200italic,300,300italic,regular,italic,500,500italic,600,600italic,700,700italic,800,800italic,900,900italic","et-gf-kanit":"Kanit:100,100italic,200,200italic,300,300italic,regular,italic,500,500italic,600,600italic,700,700italic,800,800italic,900,900italic"},"subset":["latin","latin-ext"],"cache_key":"{\"gph\":-1,\"divi\":\"4.27.5\",\"wp\":\"6.9.4\",\"enable_all_character_sets\":\"false\"}"},"_thumbnail_id":null,"_wp_old_date":null,"_bbp_akismet_result":null,"_bbp_akismet_history":null,"_bbp_forum_id":null,"_bbp_topic_id":null,"_bbp_author_ip":null,"_links":{"self":[{"href":"https:\/\/www.geotellurique.fr\/blog\/wp-json\/wp\/v2\/pages\/47","targetHints":{"allow":["GET"]}}],"collection":[{"href":"https:\/\/www.geotellurique.fr\/blog\/wp-json\/wp\/v2\/pages"}],"about":[{"href":"https:\/\/www.geotellurique.fr\/blog\/wp-json\/wp\/v2\/types\/page"}],"author":[{"embeddable":true,"href":"https:\/\/www.geotellurique.fr\/blog\/wp-json\/wp\/v2\/users\/1"}],"replies":[{"embeddable":true,"href":"https:\/\/www.geotellurique.fr\/blog\/wp-json\/wp\/v2\/comments?post=47"}],"version-history":[{"count":78,"href":"https:\/\/www.geotellurique.fr\/blog\/wp-json\/wp\/v2\/pages\/47\/revisions"}],"predecessor-version":[{"id":5864,"href":"https:\/\/www.geotellurique.fr\/blog\/wp-json\/wp\/v2\/pages\/47\/revisions\/5864"}],"wp:attachment":[{"href":"https:\/\/www.geotellurique.fr\/blog\/wp-json\/wp\/v2\/media?parent=47"}],"curies":[{"name":"wp","href":"https:\/\/api.w.org\/{rel}","templated":true}]}}